{"id":4144,"date":"2025-04-06T01:10:20","date_gmt":"2025-04-06T01:10:20","guid":{"rendered":"https:\/\/ortologist.com\/?page_id=4144"},"modified":"2025-04-06T01:10:20","modified_gmt":"2025-04-06T01:10:20","slug":"cialis-black-bez-lekarskeho-predpisu-vsetko-co-potrebujete-vediet","status":"publish","type":"page","link":"https:\/\/ortologist.com\/index.php\/cialis-black-bez-lekarskeho-predpisu-vsetko-co-potrebujete-vediet\/","title":{"rendered":"Cialis Black bez lek\u00e1rskeho predpisu \u2013 V\u0161etko, \u010do potrebujete vedie\u0165"},"content":{"rendered":"<div lang=sk>\n<h2>Cialis Black bez lek\u00e1rskeho predpisu \u2013 V\u0161etko, \u010do potrebujete vedie\u0165<\/h2>\n<p>Modern\u00fd sp\u00f4sob \u017eivota, stres, vek \u010di zdravotn\u00e9 komplik\u00e1cie m\u00f4\u017eu ovplyvni\u0165 sexu\u00e1lne zdravie mu\u017eov. Erektiln\u00e1 dysfunkcia je \u010doraz be\u017enej\u0161\u00edm probl\u00e9mom nielen u star\u0161\u00edch mu\u017eov, ale aj v mlad\u0161ej popul\u00e1cii. Na trhu existuje viacero rie\u0161en\u00ed, no jedn\u00fdm z najefekt\u00edvnej\u0161\u00edch je <strong>Cialis Black<\/strong>. V tomto \u010dl\u00e1nku sa pozrieme na jeho \u00fa\u010dinky, v\u00fdhody, nev\u00fdhody, sp\u00f4sob pou\u017eitia a pre\u010do si ho \u010doraz viac Slov\u00e1kov objedn\u00e1va bez lek\u00e1rskeho predpisu z overen\u00fdch online lek\u00e1rn\u00ed ako je <strong>https:\/\/slovenskolekaren.com\/kupit-cialis-black-online-bez-lekarskeho-predpisu<\/strong>.<\/p>\n<h2>\u010co je Cialis Black?<\/h2>\n<p><strong>Cialis Black<\/strong> je vylep\u0161en\u00e1 verzia klasick\u00e9ho Cialisu, lieku ur\u010den\u00e9ho na lie\u010dbu erektilnej dysfunkcie. Obsahuje \u00fa\u010dinn\u00fa l\u00e1tku tadalafil v silnej\u0161ej koncentr\u00e1cii \u2013 a\u017e 80 mg, \u010do znamen\u00e1 v\u00fdraznej\u0161\u00ed a r\u00fdchlej\u0161\u00ed \u00fa\u010dinok. Je ide\u00e1lny pre mu\u017eov, ktor\u00ed potrebuj\u00fa intenz\u00edvnej\u0161iu podporu pri sexu\u00e1lnej aktivite.<\/p>\n<h3>Hlavn\u00e9 charakteristiky Cialis Black:<\/h3>\n<ul>\n<li>\u00da\u010dinn\u00e1 l\u00e1tka: Tadalafil 80 mg<\/li>\n<li>R\u00fdchly n\u00e1stup \u00fa\u010dinku \u2013 pribli\u017ene do 30\u201345 min\u00fat<\/li>\n<li>Dlh\u00e9 trvanie \u00fa\u010dinku \u2013 a\u017e 36 hod\u00edn<\/li>\n<li>Zv\u00fd\u0161en\u00e1 sexu\u00e1lna v\u00fddr\u017e a sebad\u00f4vera<\/li>\n<\/ul>\n<h2>V\u00fdhody u\u017e\u00edvania Cialis Black<\/h2>\n<p>Cialis Black je ob\u013e\u00faben\u00fd medzi mu\u017emi po celom svete z mnoh\u00fdch d\u00f4vodov. Tu s\u00fa tie najz\u00e1sadnej\u0161ie:<\/p>\n<h3>V\u00fdznamn\u00e9 v\u00fdhody:<\/h3>\n<ul>\n<li><strong>Vysok\u00e1 \u00fa\u010dinnos\u0165:<\/strong> Tadalafil 80 mg poskytuje siln\u00fd a dlhodob\u00fd efekt, ktor\u00fd vydr\u017e\u00ed aj nieko\u013eko pohlavn\u00fdch stykov bez op\u00e4tovn\u00e9ho u\u017eitia.<\/li>\n<li><strong>R\u00fdchly n\u00e1stup \u00fa\u010dinku:<\/strong> Prv\u00e9 \u00fa\u010dinky s\u00fa badate\u013en\u00e9 u\u017e po 30\u201345 min\u00fatach.<\/li>\n<li><strong>Diskr\u00e9tnos\u0165:<\/strong> Produkt mo\u017eno objedna\u0165 online bez potreby lek\u00e1rskeho predpisu \u2013 ide\u00e1lne pre mu\u017eov, ktor\u00ed chc\u00fa s\u00fakromie.<\/li>\n<li><strong>Dlhodob\u00fd \u00fa\u010dinok:<\/strong> \u00da\u010dinok trv\u00e1 a\u017e 36 hod\u00edn, \u010do poskytuje flexibilitu bez potreby pl\u00e1novania presn\u00e9ho \u010dasu sexu\u00e1lneho styku.<\/li>\n<\/ul>\n<h2>Nev\u00fdhody a mo\u017en\u00e9 ved\u013eaj\u0161ie \u00fa\u010dinky<\/h2>\n<p>Aj ke\u010f <a href=\"https:\/\/slovenskolekaren.com\/kupit-cialis-black-online-bez-lekarskeho-predpisu\" rel=\"nofollow\">https:\/\/slovenskolekaren.com\/kupit-cialis-black-online-bez-lekarskeho-predpisu<\/a> Cialis Black prin\u00e1\u0161a mno\u017estvo v\u00fdhod, nie je bez riz\u00edk. Ako ka\u017ed\u00fd liek, aj tento m\u00f4\u017ee ma\u0165 ved\u013eaj\u0161ie \u00fa\u010dinky, najm\u00e4 ak sa u\u017e\u00edva nespr\u00e1vne alebo v kombin\u00e1cii s in\u00fdmi liekmi.<\/p>\n<h3>Mo\u017en\u00e9 nev\u00fdhody:<\/h3>\n<ul>\n<li>Vysok\u00e1 d\u00e1vka m\u00f4\u017ee sp\u00f4sobi\u0165 ne\u017eiaduce reakcie u citlivej\u0161\u00edch jedincov<\/li>\n<li>Nie je vhodn\u00fd pre mu\u017eov so srdcovo-cievnymi ochoreniami<\/li>\n<li>Mo\u017enos\u0165 interakcie s in\u00fdmi liekmi (najm\u00e4 nitr\u00e1tmi)<\/li>\n<\/ul>\n<h3>Be\u017en\u00e9 ved\u013eaj\u0161ie \u00fa\u010dinky:<\/h3>\n<table border=\"1\" cellpadding=\"8\">\n<thead>\n<tr>\n<th>Ved\u013eaj\u0161\u00ed \u00fa\u010dinok<\/th>\n<th>Pravdepodobnos\u0165<\/th>\n<\/tr>\n<\/thead>\n<tbody>\n<tr>\n<td>Boles\u0165 hlavy<\/td>\n<td>\u010cast\u00e1<\/td>\n<\/tr>\n<tr>\n<td>N\u00e1valy tepla<\/td>\n<td>Stredn\u00e1<\/td>\n<\/tr>\n<tr>\n<td>Poruchy tr\u00e1venia<\/td>\n<td>Stredn\u00e1<\/td>\n<\/tr>\n<tr>\n<td>Bolesti svalov<\/td>\n<td>Ob\u010dasn\u00e1<\/td>\n<\/tr>\n<tr>\n<td>Rozmazan\u00e9 videnie<\/td>\n<td>Zriedkav\u00e1<\/td>\n<\/tr>\n<\/tbody>\n<\/table>\n<h2>Sp\u00f4sob u\u017e\u00edvania Cialis Black<\/h2>\n<p>Pre dosiahnutie maxim\u00e1lneho \u00fa\u010dinku je d\u00f4le\u017eit\u00e9 dodr\u017eiava\u0165 spr\u00e1vne d\u00e1vkovanie a sp\u00f4sob u\u017eitia. Cialis Black je siln\u00fd liek a jeho nespr\u00e1vne u\u017e\u00edvanie m\u00f4\u017ee vies\u0165 k zdravotn\u00fdm komplik\u00e1ci\u00e1m.<\/p>\n<h3>D\u00e1vkovanie a odpor\u00fa\u010dania:<\/h3>\n<ul>\n<li>Odpor\u00fa\u010dan\u00e1 d\u00e1vka: 1 tableta (80 mg) pred sexu\u00e1lnou aktivitou<\/li>\n<li>Tabletu zapite dostato\u010dn\u00fdm mno\u017estvom vody<\/li>\n<li>Neu\u017e\u00edvajte viac ako jednu tabletu za 36 hod\u00edn<\/li>\n<li>Neu\u017e\u00edvajte s\u00fa\u010dasne s alkoholom alebo mastn\u00fdmi jedlami \u2013 m\u00f4\u017ee to spomali\u0165 \u00fa\u010dinok<\/li>\n<li>Ak u\u017e\u00edvate in\u00e9 lieky, konzultujte pou\u017eitie s lek\u00e1rom<\/li>\n<\/ul>\n<h2>Pre koho je Cialis Black ur\u010den\u00fd?<\/h2>\n<p><strong>Cialis Black<\/strong> je ur\u010den\u00fd pre mu\u017eov trpiacich erektilnou dysfunkciou, ktor\u00ed h\u013eadaj\u00fa \u00fa\u010dinnej\u0161ie rie\u0161enie ako be\u017en\u00e9 lieky. Hod\u00ed sa pre t\u00fdch, ktor\u00ed maj\u00fa:<\/p>\n<ul>\n<li>Probl\u00e9my s dosiahnut\u00edm alebo udr\u017ean\u00edm erekcie<\/li>\n<li>N\u00edzku sexu\u00e1lnu v\u00fddr\u017e<\/li>\n<li>Sk\u00fasenosti s nedostato\u010dn\u00fdm \u00fa\u010dinkom in\u00fdch liekov<\/li>\n<li>\u017delaj\u00fa si zv\u00fd\u0161i\u0165 kvalitu sexu\u00e1lneho \u017eivota<\/li>\n<\/ul>\n<h2>Kde k\u00fapi\u0165 Cialis Black bez lek\u00e1rskeho predpisu?<\/h2>\n<p>V Slovenskej republike je mo\u017en\u00e9 z\u00edska\u0165 Cialis Black aj bez lek\u00e1rskeho predpisu prostredn\u00edctvom overen\u00fdch online lek\u00e1rn\u00ed. Jednou z najspo\u013eahlivej\u0161\u00edch mo\u017enost\u00ed je <strong>https:\/\/slovenskolekaren.com\/kupit-cialis-black-online-bez-lekarskeho-predpisu<\/strong>. T\u00e1to platforma pon\u00faka r\u00fdchle dodanie, diskr\u00e9tnu slu\u017ebu a overen\u00e9 produkty.<\/p>\n<h3>Porovnanie mo\u017enost\u00ed n\u00e1kupu:<\/h3>\n<table border=\"1\" cellpadding=\"8\">\n<thead>\n<tr>\n<th>Mo\u017enos\u0165<\/th>\n<th>Dostupnos\u0165<\/th>\n<th>Cena<\/th>\n<th>Diskr\u00e9tnos\u0165<\/th>\n<\/tr>\n<\/thead>\n<tbody>\n<tr>\n<td>Kamenn\u00e1 lek\u00e1re\u0148<\/td>\n<td>Nedostupn\u00e9 bez predpisu<\/td>\n<td>Vysok\u00e1<\/td>\n<td>Obmedzen\u00e1<\/td>\n<\/tr>\n<tr>\n<td>Online lek\u00e1re\u0148 (napr. slovenskolekaren.com)<\/td>\n<td>Vo\u013ene dostupn\u00e9<\/td>\n<td>V\u00fdhodn\u00e1<\/td>\n<td>Vysok\u00e1<\/td>\n<\/tr>\n<\/tbody>\n<\/table>\n<h2>Praktick\u00e9 rady pre u\u017e\u00edvate\u013eov<\/h2>\n<p>Pri u\u017e\u00edvan\u00ed Cialis Black sa odpor\u00fa\u010da dodr\u017eiava\u0165 nieko\u013eko z\u00e1sad pre \u010do najlep\u0161\u00ed v\u00fdsledok:<\/p>\n<ul>\n<li>Pl\u00e1nujte sexu\u00e1lnu aktivitu s predstihom \u2013 \u00fa\u010dinok nastupuje do 45 min\u00fat<\/li>\n<li>Vyhnite sa alkoholu \u2013 zni\u017euje \u00fa\u010dinnos\u0165 lieku<\/li>\n<li>Neu\u017e\u00edvajte s in\u00fdmi liekmi na erektiln\u00fa dysfunkciu<\/li>\n<li>Dbajte na zdrav\u00fd \u017eivotn\u00fd \u0161t\u00fdl \u2013 spr\u00e1vna v\u00fd\u017eiva a pohyb podporuj\u00fa \u00fa\u010dinok lieku<\/li>\n<\/ul>\n<h2>\u010cast\u00e9 ot\u00e1zky (FAQ)<\/h2>\n<h3>1. Je Cialis Black bezpe\u010dn\u00fd?<\/h3>\n<p>\u00c1no, ak sa u\u017e\u00edva pod\u013ea pokynov a v spr\u00e1vnej d\u00e1vke. Vyh\u00fdbajte sa kombin\u00e1cii s in\u00fdmi liekmi bez konzult\u00e1cie s lek\u00e1rom.<\/p>\n<h3>2. Ako dlho trv\u00e1 \u00fa\u010dinok?<\/h3>\n<p>\u00da\u010dinok trv\u00e1 a\u017e 36 hod\u00edn, \u010do je jednou z najv\u00e4\u010d\u0161\u00edch v\u00fdhod Cialis Black oproti in\u00fdm pr\u00edpravkom.<\/p>\n<h3>3. M\u00f4\u017eem si Cialis Black objedna\u0165 online bez lek\u00e1rskeho predpisu?<\/h3>\n<p>\u00c1no, napr\u00edklad cez <strong>https:\/\/slovenskolekaren.com\/kupit-cialis-black-online-bez-lekarskeho-predpisu<\/strong>. Proces je jednoduch\u00fd, diskr\u00e9tny a bezpe\u010dn\u00fd.<\/p>\n<h3>4. Existuje riziko z\u00e1vislosti?<\/h3>\n<p>Nie, Cialis Black nesp\u00f4sobuje fyzick\u00fa z\u00e1vislos\u0165, no m\u00f4\u017ee vznikn\u00fa\u0165 psychologick\u00e1 z\u00e1vislos\u0165, ak je jedin\u00fdm rie\u0161en\u00edm na dosiahnutie erekcie.<\/p>\n<h2>Z\u00e1ver<\/h2>\n<p><strong>Cialis Black<\/strong> predstavuje siln\u00e9 a \u00fa\u010dinn\u00e9 rie\u0161enie pre mu\u017eov trpiacich erektilnou dysfunkciou. V\u010faka svojej vysokej d\u00e1vke tadalafilu poskytuje dlhodob\u00fd a spo\u013eahliv\u00fd \u00fa\u010dinok, ktor\u00fd zlep\u0161uje nielen sexu\u00e1lny v\u00fdkon, ale aj sebavedomie a kvalitu \u017eivota. Pre t\u00fdch, ktor\u00ed h\u013eadaj\u00fa diskr\u00e9tne a pohodln\u00e9 rie\u0161enie, je online n\u00e1kup bez predpisu cez <strong>https:\/\/slovenskolekaren.com\/kupit-cialis-black-online-bez-lekarskeho-predpisu<\/strong> ide\u00e1lnou vo\u013ebou.<\/p>\n<p>Nezab\u00fadajte v\u0161ak, \u017ee aj ke\u010f ide o efekt\u00edvny pr\u00edpravok, mal by sa u\u017e\u00edva\u0165 zodpovedne. V pr\u00edpade pochybnost\u00ed v\u017edy konzultujte u\u017e\u00edvanie s odborn\u00edkom. Va\u0161e zdravie a spokojnos\u0165 by mali by\u0165 na prvom mieste.<\/p>\n<\/div>\n","protected":false},"excerpt":{"rendered":"<p>Cialis Black bez lek\u00e1rskeho predpisu \u2013 V\u0161etko, \u010do potrebujete vedie\u0165 Modern\u00fd sp\u00f4sob \u017eivota, stres, vek \u010di zdravotn\u00e9 komplik\u00e1cie m\u00f4\u017eu ovplyvni\u0165 sexu\u00e1lne zdravie mu\u017eov. Erektiln\u00e1 dysfunkcia je \u010doraz be\u017enej\u0161\u00edm probl\u00e9mom nielen u star\u0161\u00edch mu\u017eov, ale aj v mlad\u0161ej popul\u00e1cii. Na trhu existuje viacero rie\u0161en\u00ed, no jedn\u00fdm z najefekt\u00edvnej\u0161\u00edch je Cialis Black. V tomto \u010dl\u00e1nku sa pozrieme [&hellip;]<\/p>\n","protected":false},"author":1,"featured_media":0,"parent":0,"menu_order":0,"comment_status":"closed","ping_status":"closed","template":"","meta":{"_exactmetrics_skip_tracking":false,"_exactmetrics_sitenote_active":false,"_exactmetrics_sitenote_note":"","_exactmetrics_sitenote_category":0,"ocean_post_layout":"","ocean_both_sidebars_style":"","ocean_both_sidebars_content_width":0,"ocean_both_sidebars_sidebars_width":0,"ocean_sidebar":"","ocean_second_sidebar":"","ocean_disable_margins":"enable","ocean_add_body_class":"","ocean_shortcode_before_top_bar":"","ocean_shortcode_after_top_bar":"","ocean_shortcode_before_header":"","ocean_shortcode_after_header":"","ocean_has_shortcode":"","ocean_shortcode_after_title":"","ocean_shortcode_before_footer_widgets":"","ocean_shortcode_after_footer_widgets":"","ocean_shortcode_before_footer_bottom":"","ocean_shortcode_after_footer_bottom":"","ocean_display_top_bar":"default","ocean_display_header":"default","ocean_header_style":"","ocean_center_header_left_menu":"","ocean_custom_header_template":"","ocean_custom_logo":0,"ocean_custom_retina_logo":0,"ocean_custom_logo_max_width":0,"ocean_custom_logo_tablet_max_width":0,"ocean_custom_logo_mobile_max_width":0,"ocean_custom_logo_max_height":0,"ocean_custom_logo_tablet_max_height":0,"ocean_custom_logo_mobile_max_height":0,"ocean_header_custom_menu":"","ocean_menu_typo_font_family":"","ocean_menu_typo_font_subset":"","ocean_menu_typo_font_size":0,"ocean_menu_typo_font_size_tablet":0,"ocean_menu_typo_font_size_mobile":0,"ocean_menu_typo_font_size_unit":"px","ocean_menu_typo_font_weight":"","ocean_menu_typo_font_weight_tablet":"","ocean_menu_typo_font_weight_mobile":"","ocean_menu_typo_transform":"","ocean_menu_typo_transform_tablet":"","ocean_menu_typo_transform_mobile":"","ocean_menu_typo_line_height":0,"ocean_menu_typo_line_height_tablet":0,"ocean_menu_typo_line_height_mobile":0,"ocean_menu_typo_line_height_unit":"","ocean_menu_typo_spacing":0,"ocean_menu_typo_spacing_tablet":0,"ocean_menu_typo_spacing_mobile":0,"ocean_menu_typo_spacing_unit":"","ocean_menu_link_color":"","ocean_menu_link_color_hover":"","ocean_menu_link_color_active":"","ocean_menu_link_background":"","ocean_menu_link_hover_background":"","ocean_menu_link_active_background":"","ocean_menu_social_links_bg":"","ocean_menu_social_hover_links_bg":"","ocean_menu_social_links_color":"","ocean_menu_social_hover_links_color":"","ocean_disable_title":"default","ocean_disable_heading":"default","ocean_post_title":"","ocean_post_subheading":"","ocean_post_title_style":"","ocean_post_title_background_color":"","ocean_post_title_background":0,"ocean_post_title_bg_image_position":"","ocean_post_title_bg_image_attachment":"","ocean_post_title_bg_image_repeat":"","ocean_post_title_bg_image_size":"","ocean_post_title_height":0,"ocean_post_title_bg_overlay":0.5,"ocean_post_title_bg_overlay_color":"","ocean_disable_breadcrumbs":"default","ocean_breadcrumbs_color":"","ocean_breadcrumbs_separator_color":"","ocean_breadcrumbs_links_color":"","ocean_breadcrumbs_links_hover_color":"","ocean_display_footer_widgets":"default","ocean_display_footer_bottom":"default","ocean_custom_footer_template":"","footnotes":""},"aioseo_notices":[],"_links":{"self":[{"href":"https:\/\/ortologist.com\/index.php\/wp-json\/wp\/v2\/pages\/4144"}],"collection":[{"href":"https:\/\/ortologist.com\/index.php\/wp-json\/wp\/v2\/pages"}],"about":[{"href":"https:\/\/ortologist.com\/index.php\/wp-json\/wp\/v2\/types\/page"}],"author":[{"embeddable":true,"href":"https:\/\/ortologist.com\/index.php\/wp-json\/wp\/v2\/users\/1"}],"replies":[{"embeddable":true,"href":"https:\/\/ortologist.com\/index.php\/wp-json\/wp\/v2\/comments?post=4144"}],"version-history":[{"count":1,"href":"https:\/\/ortologist.com\/index.php\/wp-json\/wp\/v2\/pages\/4144\/revisions"}],"predecessor-version":[{"id":4145,"href":"https:\/\/ortologist.com\/index.php\/wp-json\/wp\/v2\/pages\/4144\/revisions\/4145"}],"wp:attachment":[{"href":"https:\/\/ortologist.com\/index.php\/wp-json\/wp\/v2\/media?parent=4144"}],"curies":[{"name":"wp","href":"https:\/\/api.w.org\/{rel}","templated":true}]}}